{"id":215,"date":"2022-06-04T15:10:54","date_gmt":"2022-06-04T12:10:54","guid":{"rendered":"https:\/\/mincos.fi\/wordpress\/?page_id=215"},"modified":"2022-06-04T15:10:54","modified_gmt":"2022-06-04T12:10:54","slug":"onni-korkkirusetti","status":"publish","type":"page","link":"https:\/\/mincos.fi\/wordpress\/tuotteet\/onni-korkkirusetti\/","title":{"rendered":"Onni-korkkirusetti"},"content":{"rendered":"\n<h1>Onni-korkkirusetti<\/h1>\n\n\n\n<p>Korkkikangas on luonnonmukainen materiaali, joka on kest\u00e4v\u00e4\u00e4 ja miellytt\u00e4v\u00e4n tuntuista. Onni on ekologinen valinta! <\/p>\n\n\n\n<p class=\"has-text-align-left\"><a href=\"https:\/\/mincos.fi\/wordpress\/wp-content\/uploads\/2022\/06\/onni-perus.jpg\" target=\"_blank\" rel=\"noreferrer noopener\"><img loading=\"lazy\" width=\"1100\" height=\"900\" class=\"wp-image-217\" style=\"width: 400px;\" src=\"http:\/\/mincos.fi\/wordpress\/wp-content\/uploads\/2022\/06\/onni-perus.jpg\" alt=\"\" srcset=\"https:\/\/mincos.fi\/wordpress\/wp-content\/uploads\/2022\/06\/onni-perus.jpg 1100w, https:\/\/mincos.fi\/wordpress\/wp-content\/uploads\/2022\/06\/onni-perus-300x245.jpg 300w, https:\/\/mincos.fi\/wordpress\/wp-content\/uploads\/2022\/06\/onni-perus-1024x838.jpg 1024w, https:\/\/mincos.fi\/wordpress\/wp-content\/uploads\/2022\/06\/onni-perus-768x628.jpg 768w\" sizes=\"(max-width: 1100px) 100vw, 1100px\" \/><\/a> <a href=\"https:\/\/mincos.fi\/wordpress\/wp-content\/uploads\/2022\/06\/onni-kulta.jpg\" target=\"_blank\" rel=\"noreferrer noopener\"><img loading=\"lazy\" width=\"1100\" height=\"900\" class=\"wp-image-218\" style=\"width: 400px;\" src=\"http:\/\/mincos.fi\/wordpress\/wp-content\/uploads\/2022\/06\/onni-kulta.jpg\" alt=\"\" srcset=\"https:\/\/mincos.fi\/wordpress\/wp-content\/uploads\/2022\/06\/onni-kulta.jpg 1100w, https:\/\/mincos.fi\/wordpress\/wp-content\/uploads\/2022\/06\/onni-kulta-300x245.jpg 300w, https:\/\/mincos.fi\/wordpress\/wp-content\/uploads\/2022\/06\/onni-kulta-1024x838.jpg 1024w, https:\/\/mincos.fi\/wordpress\/wp-content\/uploads\/2022\/06\/onni-kulta-768x628.jpg 768w\" sizes=\"(max-width: 1100px) 100vw, 1100px\" \/><\/a><\/p>\n\n\n\n<p> <\/p>\n","protected":false},"excerpt":{"rendered":"<p>Onni-korkkirusetti Korkkikangas on luonnonmukainen materiaali, joka on kest\u00e4v\u00e4\u00e4 ja miellytt\u00e4v\u00e4n tuntuista. Onni on ekologinen valinta!<\/p>\n","protected":false},"author":1,"featured_media":0,"parent":66,"menu_order":0,"comment_status":"closed","ping_status":"closed","template":"","meta":[],"_links":{"self":[{"href":"https:\/\/mincos.fi\/wordpress\/wp-json\/wp\/v2\/pages\/215"}],"collection":[{"href":"https:\/\/mincos.fi\/wordpress\/wp-json\/wp\/v2\/pages"}],"about":[{"href":"https:\/\/mincos.fi\/wordpress\/wp-json\/wp\/v2\/types\/page"}],"author":[{"embeddable":true,"href":"https:\/\/mincos.fi\/wordpress\/wp-json\/wp\/v2\/users\/1"}],"replies":[{"embeddable":true,"href":"https:\/\/mincos.fi\/wordpress\/wp-json\/wp\/v2\/comments?post=215"}],"version-history":[{"count":8,"href":"https:\/\/mincos.fi\/wordpress\/wp-json\/wp\/v2\/pages\/215\/revisions"}],"predecessor-version":[{"id":227,"href":"https:\/\/mincos.fi\/wordpress\/wp-json\/wp\/v2\/pages\/215\/revisions\/227"}],"up":[{"embeddable":true,"href":"https:\/\/mincos.fi\/wordpress\/wp-json\/wp\/v2\/pages\/66"}],"wp:attachment":[{"href":"https:\/\/mincos.fi\/wordpress\/wp-json\/wp\/v2\/media?parent=215"}],"curies":[{"name":"wp","href":"https:\/\/api.w.org\/{rel}","templated":true}]}}