{"id":99,"date":"2018-04-01T01:14:43","date_gmt":"2018-03-31T22:14:43","guid":{"rendered":"http:\/\/mincos.fi\/wordpress\/?page_id=99"},"modified":"2018-04-01T15:51:58","modified_gmt":"2018-04-01T12:51:58","slug":"meritytto","status":"publish","type":"page","link":"http:\/\/mincos.fi\/wordpress\/tuotteet\/meritytto\/","title":{"rendered":"Meritytt\u00f6"},"content":{"rendered":"<h1>Meritytt\u00f6<\/h1>\n<p>Merihenkiset Meritytt\u00f6 Design -puuhelmet ovat hyvin kookkaat: helmien l\u00e4pimitta 30 mm. Helmet ovat<br \/>\npy\u00f6kki\u00e4, ja ne on pujotettu 2 mm paksuiseen silikoninauhaan. Osa malleista on pujotettu siniseen tai<br \/>\nvalkoiseen 2 mm nahkany\u00f6riin. Helmet ovat todella n\u00e4ytt\u00e4v\u00e4nn\u00e4k\u00f6iset katseenvangitsijat.<\/p>\n<p><a href=\"http:\/\/mincos.fi\/wordpress\/wp-content\/uploads\/2018\/04\/mincos_meritytt\u00f6_fokka.jpg\" target=\"_blank\" rel=\"noopener\"><img loading=\"lazy\" class=\"alignnone wp-image-100 size-medium\" src=\"http:\/\/mincos.fi\/wordpress\/wp-content\/uploads\/2018\/04\/mincos_meritytt\u00f6_fokka-300x201.jpg\" alt=\"\" width=\"300\" height=\"201\" srcset=\"http:\/\/mincos.fi\/wordpress\/wp-content\/uploads\/2018\/04\/mincos_meritytt\u00f6_fokka-300x201.jpg 300w, http:\/\/mincos.fi\/wordpress\/wp-content\/uploads\/2018\/04\/mincos_meritytt\u00f6_fokka-768x515.jpg 768w, http:\/\/mincos.fi\/wordpress\/wp-content\/uploads\/2018\/04\/mincos_meritytt\u00f6_fokka.jpg 1024w\" sizes=\"(max-width: 300px) 100vw, 300px\" \/><\/a> <a href=\"http:\/\/mincos.fi\/wordpress\/wp-content\/uploads\/2018\/04\/mincos_meritytt\u00f6_foorenda.jpg\" target=\"_blank\" rel=\"noopener\"><img loading=\"lazy\" class=\"alignnone wp-image-101 size-medium\" src=\"http:\/\/mincos.fi\/wordpress\/wp-content\/uploads\/2018\/04\/mincos_meritytt\u00f6_foorenda-300x202.jpg\" alt=\"\" width=\"300\" height=\"202\" srcset=\"http:\/\/mincos.fi\/wordpress\/wp-content\/uploads\/2018\/04\/mincos_meritytt\u00f6_foorenda-300x202.jpg 300w, http:\/\/mincos.fi\/wordpress\/wp-content\/uploads\/2018\/04\/mincos_meritytt\u00f6_foorenda-768x518.jpg 768w, http:\/\/mincos.fi\/wordpress\/wp-content\/uploads\/2018\/04\/mincos_meritytt\u00f6_foorenda.jpg 1024w\" sizes=\"(max-width: 300px) 100vw, 300px\" \/><\/a> <a href=\"http:\/\/mincos.fi\/wordpress\/wp-content\/uploads\/2018\/04\/mincos_meritytt\u00f6_kastliina.jpg\" target=\"_blank\" rel=\"noopener\"><img loading=\"lazy\" class=\"alignnone wp-image-102 size-medium\" src=\"http:\/\/mincos.fi\/wordpress\/wp-content\/uploads\/2018\/04\/mincos_meritytt\u00f6_kastliina-300x202.jpg\" alt=\"\" width=\"300\" height=\"202\" srcset=\"http:\/\/mincos.fi\/wordpress\/wp-content\/uploads\/2018\/04\/mincos_meritytt\u00f6_kastliina-300x202.jpg 300w, http:\/\/mincos.fi\/wordpress\/wp-content\/uploads\/2018\/04\/mincos_meritytt\u00f6_kastliina-768x516.jpg 768w, http:\/\/mincos.fi\/wordpress\/wp-content\/uploads\/2018\/04\/mincos_meritytt\u00f6_kastliina.jpg 1024w\" sizes=\"(max-width: 300px) 100vw, 300px\" \/><\/a> <a href=\"http:\/\/mincos.fi\/wordpress\/wp-content\/uploads\/2018\/04\/mincos_meritytt\u00f6_purje.jpg\" target=\"_blank\" rel=\"noopener\"><img loading=\"lazy\" class=\"alignnone wp-image-103 size-medium\" src=\"http:\/\/mincos.fi\/wordpress\/wp-content\/uploads\/2018\/04\/mincos_meritytt\u00f6_purje-300x202.jpg\" alt=\"\" width=\"300\" height=\"202\" srcset=\"http:\/\/mincos.fi\/wordpress\/wp-content\/uploads\/2018\/04\/mincos_meritytt\u00f6_purje-300x202.jpg 300w, http:\/\/mincos.fi\/wordpress\/wp-content\/uploads\/2018\/04\/mincos_meritytt\u00f6_purje-768x518.jpg 768w, http:\/\/mincos.fi\/wordpress\/wp-content\/uploads\/2018\/04\/mincos_meritytt\u00f6_purje.jpg 1024w\" sizes=\"(max-width: 300px) 100vw, 300px\" \/><\/a> <a href=\"http:\/\/mincos.fi\/wordpress\/wp-content\/uploads\/2018\/04\/mincos_meritytt\u00f6_reelinki.jpg\" target=\"_blank\" rel=\"noopener\"><img loading=\"lazy\" class=\"alignnone wp-image-104 size-medium\" src=\"http:\/\/mincos.fi\/wordpress\/wp-content\/uploads\/2018\/04\/mincos_meritytt\u00f6_reelinki-300x202.jpg\" alt=\"\" width=\"300\" height=\"202\" srcset=\"http:\/\/mincos.fi\/wordpress\/wp-content\/uploads\/2018\/04\/mincos_meritytt\u00f6_reelinki-300x202.jpg 300w, http:\/\/mincos.fi\/wordpress\/wp-content\/uploads\/2018\/04\/mincos_meritytt\u00f6_reelinki-768x516.jpg 768w, http:\/\/mincos.fi\/wordpress\/wp-content\/uploads\/2018\/04\/mincos_meritytt\u00f6_reelinki.jpg 1024w\" sizes=\"(max-width: 300px) 100vw, 300px\" \/><\/a> <a href=\"http:\/\/mincos.fi\/wordpress\/wp-content\/uploads\/2018\/04\/mincos_meritytt\u00f6_skuutti.jpg\" target=\"_blank\" rel=\"noopener\"><img loading=\"lazy\" class=\"alignnone wp-image-105 size-medium\" src=\"http:\/\/mincos.fi\/wordpress\/wp-content\/uploads\/2018\/04\/mincos_meritytt\u00f6_skuutti-300x202.jpg\" alt=\"\" width=\"300\" height=\"202\" srcset=\"http:\/\/mincos.fi\/wordpress\/wp-content\/uploads\/2018\/04\/mincos_meritytt\u00f6_skuutti-300x202.jpg 300w, http:\/\/mincos.fi\/wordpress\/wp-content\/uploads\/2018\/04\/mincos_meritytt\u00f6_skuutti-768x516.jpg 768w, http:\/\/mincos.fi\/wordpress\/wp-content\/uploads\/2018\/04\/mincos_meritytt\u00f6_skuutti.jpg 1024w\" sizes=\"(max-width: 300px) 100vw, 300px\" \/><\/a> <a href=\"http:\/\/mincos.fi\/wordpress\/wp-content\/uploads\/2018\/04\/mincos_meritytt\u00f6_trossi.jpg\" target=\"_blank\" rel=\"noopener\"><img loading=\"lazy\" class=\"alignnone wp-image-106 size-medium\" src=\"http:\/\/mincos.fi\/wordpress\/wp-content\/uploads\/2018\/04\/mincos_meritytt\u00f6_trossi-300x202.jpg\" alt=\"\" width=\"300\" height=\"202\" srcset=\"http:\/\/mincos.fi\/wordpress\/wp-content\/uploads\/2018\/04\/mincos_meritytt\u00f6_trossi-300x202.jpg 300w, http:\/\/mincos.fi\/wordpress\/wp-content\/uploads\/2018\/04\/mincos_meritytt\u00f6_trossi-768x518.jpg 768w, http:\/\/mincos.fi\/wordpress\/wp-content\/uploads\/2018\/04\/mincos_meritytt\u00f6_trossi.jpg 1024w\" sizes=\"(max-width: 300px) 100vw, 300px\" \/><\/a> <a href=\"http:\/\/mincos.fi\/wordpress\/wp-content\/uploads\/2018\/04\/mincos_meritytt\u00f6_ulappa.jpg\" target=\"_blank\" rel=\"noopener\"><img loading=\"lazy\" class=\"alignnone wp-image-107 size-medium\" src=\"http:\/\/mincos.fi\/wordpress\/wp-content\/uploads\/2018\/04\/mincos_meritytt\u00f6_ulappa-300x202.jpg\" alt=\"\" width=\"300\" height=\"202\" srcset=\"http:\/\/mincos.fi\/wordpress\/wp-content\/uploads\/2018\/04\/mincos_meritytt\u00f6_ulappa-300x202.jpg 300w, http:\/\/mincos.fi\/wordpress\/wp-content\/uploads\/2018\/04\/mincos_meritytt\u00f6_ulappa-768x517.jpg 768w, http:\/\/mincos.fi\/wordpress\/wp-content\/uploads\/2018\/04\/mincos_meritytt\u00f6_ulappa.jpg 1024w\" sizes=\"(max-width: 300px) 100vw, 300px\" \/><\/a><\/p>\n","protected":false},"excerpt":{"rendered":"<p>Meritytt\u00f6 Merihenkiset Meritytt\u00f6 Design -puuhelmet ovat hyvin kookkaat: helmien l\u00e4pimitta 30 mm. Helmet ovat py\u00f6kki\u00e4, ja ne on pujotettu 2 mm paksuiseen silikoninauhaan. Osa malleista on pujotettu siniseen tai valkoiseen 2 mm nahkany\u00f6riin. Helmet ovat todella n\u00e4ytt\u00e4v\u00e4nn\u00e4k\u00f6iset katseenvangitsijat.<\/p>\n","protected":false},"author":1,"featured_media":0,"parent":66,"menu_order":0,"comment_status":"closed","ping_status":"closed","template":"","meta":[],"_links":{"self":[{"href":"http:\/\/mincos.fi\/wordpress\/wp-json\/wp\/v2\/pages\/99"}],"collection":[{"href":"http:\/\/mincos.fi\/wordpress\/wp-json\/wp\/v2\/pages"}],"about":[{"href":"http:\/\/mincos.fi\/wordpress\/wp-json\/wp\/v2\/types\/page"}],"author":[{"embeddable":true,"href":"http:\/\/mincos.fi\/wordpress\/wp-json\/wp\/v2\/users\/1"}],"replies":[{"embeddable":true,"href":"http:\/\/mincos.fi\/wordpress\/wp-json\/wp\/v2\/comments?post=99"}],"version-history":[{"count":2,"href":"http:\/\/mincos.fi\/wordpress\/wp-json\/wp\/v2\/pages\/99\/revisions"}],"predecessor-version":[{"id":143,"href":"http:\/\/mincos.fi\/wordpress\/wp-json\/wp\/v2\/pages\/99\/revisions\/143"}],"up":[{"embeddable":true,"href":"http:\/\/mincos.fi\/wordpress\/wp-json\/wp\/v2\/pages\/66"}],"wp:attachment":[{"href":"http:\/\/mincos.fi\/wordpress\/wp-json\/wp\/v2\/media?parent=99"}],"curies":[{"name":"wp","href":"https:\/\/api.w.org\/{rel}","templated":true}]}}