{"id":85,"date":"2018-04-01T01:00:23","date_gmt":"2018-03-31T22:00:23","guid":{"rendered":"http:\/\/mincos.fi\/wordpress\/?page_id=85"},"modified":"2018-04-01T15:50:04","modified_gmt":"2018-04-01T12:50:04","slug":"aalto","status":"publish","type":"page","link":"http:\/\/mincos.fi\/wordpress\/tuotteet\/aalto\/","title":{"rendered":"Aalto-korusarja"},"content":{"rendered":"<h1><strong>Aalto<\/strong><\/h1>\n<p>Aalto Design -puuhelmet on valmistettu koivusta. Helmikoruja on saatavana kahta<br \/>\neri kokoa: normaali ja suuri. Normaalikokoisessa Aallossa helmien l\u00e4pimitta on 12 mm ja 16 mm.<br \/>\nSuuremmassa Aallossa helmien l\u00e4pimitta on 16 mm ja 20 mm.<\/p>\n<p>Helmet on punottu 1,5 mm paksuiseen vahattuun puuvillany\u00f6riin ja lukkona<br \/>\nk\u00e4yt\u00e4mme nikkelitt\u00f6mi\u00e4 helppok\u00e4ytt\u00f6isi\u00e4 salpalukkoja.<br \/>\nV\u00e4rivaihtoehtoja on paljon.<\/p>\n<p><a href=\"http:\/\/mincos.fi\/wordpress\/wp-content\/uploads\/2018\/04\/aalto_kallio.jpg\" target=\"_blank\" rel=\"noopener\"><img loading=\"lazy\" class=\"alignnone wp-image-86 size-medium\" src=\"http:\/\/mincos.fi\/wordpress\/wp-content\/uploads\/2018\/04\/aalto_kallio-300x201.jpg\" alt=\"\" width=\"300\" height=\"201\" srcset=\"http:\/\/mincos.fi\/wordpress\/wp-content\/uploads\/2018\/04\/aalto_kallio-300x201.jpg 300w, http:\/\/mincos.fi\/wordpress\/wp-content\/uploads\/2018\/04\/aalto_kallio-768x515.jpg 768w, http:\/\/mincos.fi\/wordpress\/wp-content\/uploads\/2018\/04\/aalto_kallio-1024x687.jpg 1024w, http:\/\/mincos.fi\/wordpress\/wp-content\/uploads\/2018\/04\/aalto_kallio.jpg 1072w\" sizes=\"(max-width: 300px) 100vw, 300px\" \/><\/a> <a href=\"http:\/\/mincos.fi\/wordpress\/wp-content\/uploads\/2018\/04\/aalto_keltainen.jpg\" target=\"_blank\" rel=\"noopener\"><img loading=\"lazy\" class=\"alignnone wp-image-87 size-medium\" src=\"http:\/\/mincos.fi\/wordpress\/wp-content\/uploads\/2018\/04\/aalto_keltainen-300x201.jpg\" alt=\"\" width=\"300\" height=\"201\" srcset=\"http:\/\/mincos.fi\/wordpress\/wp-content\/uploads\/2018\/04\/aalto_keltainen-300x201.jpg 300w, http:\/\/mincos.fi\/wordpress\/wp-content\/uploads\/2018\/04\/aalto_keltainen-768x516.jpg 768w, http:\/\/mincos.fi\/wordpress\/wp-content\/uploads\/2018\/04\/aalto_keltainen-1024x688.jpg 1024w, http:\/\/mincos.fi\/wordpress\/wp-content\/uploads\/2018\/04\/aalto_keltainen.jpg 1072w\" sizes=\"(max-width: 300px) 100vw, 300px\" \/><\/a> <a href=\"http:\/\/mincos.fi\/wordpress\/wp-content\/uploads\/2018\/04\/aalto_kirkassininen.jpg\" target=\"_blank\" rel=\"noopener\"><img loading=\"lazy\" class=\"alignnone wp-image-88 size-medium\" src=\"http:\/\/mincos.fi\/wordpress\/wp-content\/uploads\/2018\/04\/aalto_kirkassininen-300x201.jpg\" alt=\"\" width=\"300\" height=\"201\" srcset=\"http:\/\/mincos.fi\/wordpress\/wp-content\/uploads\/2018\/04\/aalto_kirkassininen-300x201.jpg 300w, http:\/\/mincos.fi\/wordpress\/wp-content\/uploads\/2018\/04\/aalto_kirkassininen-768x516.jpg 768w, http:\/\/mincos.fi\/wordpress\/wp-content\/uploads\/2018\/04\/aalto_kirkassininen-1024x688.jpg 1024w, http:\/\/mincos.fi\/wordpress\/wp-content\/uploads\/2018\/04\/aalto_kirkassininen.jpg 1072w\" sizes=\"(max-width: 300px) 100vw, 300px\" \/><\/a> <a href=\"http:\/\/mincos.fi\/wordpress\/wp-content\/uploads\/2018\/04\/aalto_musta.jpg\" target=\"_blank\" rel=\"noopener\"><img loading=\"lazy\" class=\"alignnone wp-image-89 size-medium\" src=\"http:\/\/mincos.fi\/wordpress\/wp-content\/uploads\/2018\/04\/aalto_musta-300x201.jpg\" alt=\"\" width=\"300\" height=\"201\" srcset=\"http:\/\/mincos.fi\/wordpress\/wp-content\/uploads\/2018\/04\/aalto_musta-300x201.jpg 300w, http:\/\/mincos.fi\/wordpress\/wp-content\/uploads\/2018\/04\/aalto_musta-768x516.jpg 768w, http:\/\/mincos.fi\/wordpress\/wp-content\/uploads\/2018\/04\/aalto_musta-1024x688.jpg 1024w, http:\/\/mincos.fi\/wordpress\/wp-content\/uploads\/2018\/04\/aalto_musta.jpg 1072w\" sizes=\"(max-width: 300px) 100vw, 300px\" \/><\/a> <a href=\"http:\/\/mincos.fi\/wordpress\/wp-content\/uploads\/2018\/04\/aalto_navy.jpg\" target=\"_blank\" rel=\"noopener\"><img loading=\"lazy\" class=\"alignnone wp-image-90 size-medium\" src=\"http:\/\/mincos.fi\/wordpress\/wp-content\/uploads\/2018\/04\/aalto_navy-300x201.jpg\" alt=\"\" width=\"300\" height=\"201\" srcset=\"http:\/\/mincos.fi\/wordpress\/wp-content\/uploads\/2018\/04\/aalto_navy-300x201.jpg 300w, http:\/\/mincos.fi\/wordpress\/wp-content\/uploads\/2018\/04\/aalto_navy-768x516.jpg 768w, http:\/\/mincos.fi\/wordpress\/wp-content\/uploads\/2018\/04\/aalto_navy-1024x688.jpg 1024w, http:\/\/mincos.fi\/wordpress\/wp-content\/uploads\/2018\/04\/aalto_navy.jpg 1072w\" sizes=\"(max-width: 300px) 100vw, 300px\" \/><\/a> <a href=\"http:\/\/mincos.fi\/wordpress\/wp-content\/uploads\/2018\/04\/aalto_oranssi.jpg\" target=\"_blank\" rel=\"noopener\"><img loading=\"lazy\" class=\"alignnone wp-image-91 size-medium\" src=\"http:\/\/mincos.fi\/wordpress\/wp-content\/uploads\/2018\/04\/aalto_oranssi-300x201.jpg\" alt=\"\" width=\"300\" height=\"201\" srcset=\"http:\/\/mincos.fi\/wordpress\/wp-content\/uploads\/2018\/04\/aalto_oranssi-300x201.jpg 300w, http:\/\/mincos.fi\/wordpress\/wp-content\/uploads\/2018\/04\/aalto_oranssi-768x516.jpg 768w, http:\/\/mincos.fi\/wordpress\/wp-content\/uploads\/2018\/04\/aalto_oranssi-1024x688.jpg 1024w, http:\/\/mincos.fi\/wordpress\/wp-content\/uploads\/2018\/04\/aalto_oranssi.jpg 1072w\" sizes=\"(max-width: 300px) 100vw, 300px\" \/><\/a> <a href=\"http:\/\/mincos.fi\/wordpress\/wp-content\/uploads\/2018\/04\/aalto_punainen.jpg\" target=\"_blank\" rel=\"noopener\"><img loading=\"lazy\" class=\"alignnone wp-image-92 size-medium\" src=\"http:\/\/mincos.fi\/wordpress\/wp-content\/uploads\/2018\/04\/aalto_punainen-300x202.jpg\" alt=\"\" width=\"300\" height=\"202\" srcset=\"http:\/\/mincos.fi\/wordpress\/wp-content\/uploads\/2018\/04\/aalto_punainen-300x202.jpg 300w, http:\/\/mincos.fi\/wordpress\/wp-content\/uploads\/2018\/04\/aalto_punainen-768x516.jpg 768w, http:\/\/mincos.fi\/wordpress\/wp-content\/uploads\/2018\/04\/aalto_punainen-1024x688.jpg 1024w, http:\/\/mincos.fi\/wordpress\/wp-content\/uploads\/2018\/04\/aalto_punainen.jpg 1071w\" sizes=\"(max-width: 300px) 100vw, 300px\" \/><\/a> <a href=\"http:\/\/mincos.fi\/wordpress\/wp-content\/uploads\/2018\/04\/aalto_roosa.jpg\" target=\"_blank\" rel=\"noopener\"><img loading=\"lazy\" class=\"alignnone wp-image-93 size-medium\" src=\"http:\/\/mincos.fi\/wordpress\/wp-content\/uploads\/2018\/04\/aalto_roosa-300x201.jpg\" alt=\"\" width=\"300\" height=\"201\" srcset=\"http:\/\/mincos.fi\/wordpress\/wp-content\/uploads\/2018\/04\/aalto_roosa-300x201.jpg 300w, http:\/\/mincos.fi\/wordpress\/wp-content\/uploads\/2018\/04\/aalto_roosa-768x516.jpg 768w, http:\/\/mincos.fi\/wordpress\/wp-content\/uploads\/2018\/04\/aalto_roosa-1024x688.jpg 1024w, http:\/\/mincos.fi\/wordpress\/wp-content\/uploads\/2018\/04\/aalto_roosa.jpg 1072w\" sizes=\"(max-width: 300px) 100vw, 300px\" \/><\/a> <a href=\"http:\/\/mincos.fi\/wordpress\/wp-content\/uploads\/2018\/04\/aalto_valkoinen.jpg\" target=\"_blank\" rel=\"noopener\"><img loading=\"lazy\" class=\"alignnone wp-image-94 size-medium\" src=\"http:\/\/mincos.fi\/wordpress\/wp-content\/uploads\/2018\/04\/aalto_valkoinen-300x201.jpg\" alt=\"\" width=\"300\" height=\"201\" srcset=\"http:\/\/mincos.fi\/wordpress\/wp-content\/uploads\/2018\/04\/aalto_valkoinen-300x201.jpg 300w, http:\/\/mincos.fi\/wordpress\/wp-content\/uploads\/2018\/04\/aalto_valkoinen-768x516.jpg 768w, http:\/\/mincos.fi\/wordpress\/wp-content\/uploads\/2018\/04\/aalto_valkoinen-1024x688.jpg 1024w, http:\/\/mincos.fi\/wordpress\/wp-content\/uploads\/2018\/04\/aalto_valkoinen.jpg 1072w\" sizes=\"(max-width: 300px) 100vw, 300px\" \/><\/a> <img loading=\"lazy\" class=\"alignnone size-medium wp-image-95\" src=\"http:\/\/mincos.fi\/wordpress\/wp-content\/uploads\/2018\/04\/aalto_vihre\u00e4-300x201.jpg\" alt=\"\" width=\"300\" height=\"201\" srcset=\"http:\/\/mincos.fi\/wordpress\/wp-content\/uploads\/2018\/04\/aalto_vihre\u00e4-300x201.jpg 300w, http:\/\/mincos.fi\/wordpress\/wp-content\/uploads\/2018\/04\/aalto_vihre\u00e4-768x516.jpg 768w, http:\/\/mincos.fi\/wordpress\/wp-content\/uploads\/2018\/04\/aalto_vihre\u00e4-1024x688.jpg 1024w, http:\/\/mincos.fi\/wordpress\/wp-content\/uploads\/2018\/04\/aalto_vihre\u00e4.jpg 1072w\" sizes=\"(max-width: 300px) 100vw, 300px\" \/> <img loading=\"lazy\" class=\"alignnone size-medium wp-image-96\" src=\"http:\/\/mincos.fi\/wordpress\/wp-content\/uploads\/2018\/04\/aalto_viininpunainen-300x201.jpg\" alt=\"\" width=\"300\" height=\"201\" srcset=\"http:\/\/mincos.fi\/wordpress\/wp-content\/uploads\/2018\/04\/aalto_viininpunainen-300x201.jpg 300w, http:\/\/mincos.fi\/wordpress\/wp-content\/uploads\/2018\/04\/aalto_viininpunainen-768x516.jpg 768w, http:\/\/mincos.fi\/wordpress\/wp-content\/uploads\/2018\/04\/aalto_viininpunainen-1024x688.jpg 1024w, http:\/\/mincos.fi\/wordpress\/wp-content\/uploads\/2018\/04\/aalto_viininpunainen.jpg 1072w\" sizes=\"(max-width: 300px) 100vw, 300px\" \/><\/p>\n","protected":false},"excerpt":{"rendered":"<p>Aalto Aalto Design -puuhelmet on valmistettu koivusta. Helmikoruja on saatavana kahta eri kokoa: normaali ja suuri. Normaalikokoisessa Aallossa helmien l\u00e4pimitta on 12 mm ja 16 mm. Suuremmassa Aallossa helmien l\u00e4pimitta on 16 mm ja 20 mm. Helmet on punottu 1,5 mm paksuiseen vahattuun puuvillany\u00f6riin ja lukkona k\u00e4yt\u00e4mme nikkelitt\u00f6mi\u00e4 helppok\u00e4ytt\u00f6isi\u00e4 salpalukkoja. V\u00e4rivaihtoehtoja on paljon.<\/p>\n","protected":false},"author":1,"featured_media":0,"parent":66,"menu_order":0,"comment_status":"closed","ping_status":"closed","template":"","meta":[],"_links":{"self":[{"href":"http:\/\/mincos.fi\/wordpress\/wp-json\/wp\/v2\/pages\/85"}],"collection":[{"href":"http:\/\/mincos.fi\/wordpress\/wp-json\/wp\/v2\/pages"}],"about":[{"href":"http:\/\/mincos.fi\/wordpress\/wp-json\/wp\/v2\/types\/page"}],"author":[{"embeddable":true,"href":"http:\/\/mincos.fi\/wordpress\/wp-json\/wp\/v2\/users\/1"}],"replies":[{"embeddable":true,"href":"http:\/\/mincos.fi\/wordpress\/wp-json\/wp\/v2\/comments?post=85"}],"version-history":[{"count":5,"href":"http:\/\/mincos.fi\/wordpress\/wp-json\/wp\/v2\/pages\/85\/revisions"}],"predecessor-version":[{"id":141,"href":"http:\/\/mincos.fi\/wordpress\/wp-json\/wp\/v2\/pages\/85\/revisions\/141"}],"up":[{"embeddable":true,"href":"http:\/\/mincos.fi\/wordpress\/wp-json\/wp\/v2\/pages\/66"}],"wp:attachment":[{"href":"http:\/\/mincos.fi\/wordpress\/wp-json\/wp\/v2\/media?parent=85"}],"curies":[{"name":"wp","href":"https:\/\/api.w.org\/{rel}","templated":true}]}}