{"id":78,"date":"2018-04-01T00:36:51","date_gmt":"2018-03-31T21:36:51","guid":{"rendered":"http:\/\/mincos.fi\/wordpress\/?page_id=78"},"modified":"2018-04-01T15:50:24","modified_gmt":"2018-04-01T12:50:24","slug":"gielas","status":"publish","type":"page","link":"http:\/\/mincos.fi\/wordpress\/tuotteet\/gielas\/","title":{"rendered":"Gielas"},"content":{"rendered":"<h1>Gielas<\/h1>\n<p>Gielas Design -puuhelmet on valmistettu py\u00f6kist\u00e4 ja helmien l\u00e4pimitta on 25 mm.<br \/>\nHelmet on pujotettu 2 mm paksuiseen mustaan nahkanauhaan.<br \/>\nGielasta on saatavana silverin\u00e4 ja goldina. Persoonallisen ja rohkean naisen valinta.<\/p>\n<p><a href=\"http:\/\/mincos.fi\/wordpress\/wp-content\/uploads\/2018\/04\/gielas-gold2.jpg\" target=\"_blank\" rel=\"noopener\"><img loading=\"lazy\" class=\"alignnone wp-image-80 size-medium\" src=\"http:\/\/mincos.fi\/wordpress\/wp-content\/uploads\/2018\/04\/gielas-gold2-300x225.jpg\" alt=\"\" width=\"300\" height=\"225\" srcset=\"http:\/\/mincos.fi\/wordpress\/wp-content\/uploads\/2018\/04\/gielas-gold2-300x225.jpg 300w, http:\/\/mincos.fi\/wordpress\/wp-content\/uploads\/2018\/04\/gielas-gold2-768x576.jpg 768w, http:\/\/mincos.fi\/wordpress\/wp-content\/uploads\/2018\/04\/gielas-gold2.jpg 1024w\" sizes=\"(max-width: 300px) 100vw, 300px\" \/><\/a>\u00a0<a href=\"http:\/\/mincos.fi\/wordpress\/wp-content\/uploads\/2018\/04\/gielas-gold.jpg\" target=\"_blank\" rel=\"noopener\"><img loading=\"lazy\" class=\"alignnone wp-image-79 size-medium\" src=\"http:\/\/mincos.fi\/wordpress\/wp-content\/uploads\/2018\/04\/gielas-gold-300x225.jpg\" alt=\"\" width=\"300\" height=\"225\" srcset=\"http:\/\/mincos.fi\/wordpress\/wp-content\/uploads\/2018\/04\/gielas-gold-300x225.jpg 300w, http:\/\/mincos.fi\/wordpress\/wp-content\/uploads\/2018\/04\/gielas-gold-768x576.jpg 768w, http:\/\/mincos.fi\/wordpress\/wp-content\/uploads\/2018\/04\/gielas-gold.jpg 1024w\" sizes=\"(max-width: 300px) 100vw, 300px\" \/><\/a><\/p>\n<p><a href=\"http:\/\/mincos.fi\/wordpress\/wp-content\/uploads\/2018\/04\/gielas-silver2.jpg\" target=\"_blank\" rel=\"noopener\"><img loading=\"lazy\" class=\"alignnone wp-image-82 size-medium\" src=\"http:\/\/mincos.fi\/wordpress\/wp-content\/uploads\/2018\/04\/gielas-silver2-300x225.jpg\" alt=\"\" width=\"300\" height=\"225\" srcset=\"http:\/\/mincos.fi\/wordpress\/wp-content\/uploads\/2018\/04\/gielas-silver2-300x225.jpg 300w, http:\/\/mincos.fi\/wordpress\/wp-content\/uploads\/2018\/04\/gielas-silver2-768x576.jpg 768w, http:\/\/mincos.fi\/wordpress\/wp-content\/uploads\/2018\/04\/gielas-silver2.jpg 1024w\" sizes=\"(max-width: 300px) 100vw, 300px\" \/><\/a>\u00a0<a href=\"http:\/\/mincos.fi\/wordpress\/wp-content\/uploads\/2018\/04\/gielas-silver.jpg\" target=\"_blank\" rel=\"noopener\"><img loading=\"lazy\" class=\"alignnone wp-image-81 size-medium\" src=\"http:\/\/mincos.fi\/wordpress\/wp-content\/uploads\/2018\/04\/gielas-silver-300x225.jpg\" alt=\"\" width=\"300\" height=\"225\" srcset=\"http:\/\/mincos.fi\/wordpress\/wp-content\/uploads\/2018\/04\/gielas-silver-300x225.jpg 300w, http:\/\/mincos.fi\/wordpress\/wp-content\/uploads\/2018\/04\/gielas-silver-768x576.jpg 768w, http:\/\/mincos.fi\/wordpress\/wp-content\/uploads\/2018\/04\/gielas-silver.jpg 1024w\" sizes=\"(max-width: 300px) 100vw, 300px\" \/><\/a><\/p>\n","protected":false},"excerpt":{"rendered":"<p>Gielas Gielas Design -puuhelmet on valmistettu py\u00f6kist\u00e4 ja helmien l\u00e4pimitta on 25 mm. Helmet on pujotettu 2 mm paksuiseen mustaan nahkanauhaan. Gielasta on saatavana silverin\u00e4 ja goldina. Persoonallisen ja rohkean naisen valinta. \u00a0 \u00a0<\/p>\n","protected":false},"author":1,"featured_media":0,"parent":66,"menu_order":0,"comment_status":"closed","ping_status":"closed","template":"","meta":[],"_links":{"self":[{"href":"http:\/\/mincos.fi\/wordpress\/wp-json\/wp\/v2\/pages\/78"}],"collection":[{"href":"http:\/\/mincos.fi\/wordpress\/wp-json\/wp\/v2\/pages"}],"about":[{"href":"http:\/\/mincos.fi\/wordpress\/wp-json\/wp\/v2\/types\/page"}],"author":[{"embeddable":true,"href":"http:\/\/mincos.fi\/wordpress\/wp-json\/wp\/v2\/users\/1"}],"replies":[{"embeddable":true,"href":"http:\/\/mincos.fi\/wordpress\/wp-json\/wp\/v2\/comments?post=78"}],"version-history":[{"count":4,"href":"http:\/\/mincos.fi\/wordpress\/wp-json\/wp\/v2\/pages\/78\/revisions"}],"predecessor-version":[{"id":142,"href":"http:\/\/mincos.fi\/wordpress\/wp-json\/wp\/v2\/pages\/78\/revisions\/142"}],"up":[{"embeddable":true,"href":"http:\/\/mincos.fi\/wordpress\/wp-json\/wp\/v2\/pages\/66"}],"wp:attachment":[{"href":"http:\/\/mincos.fi\/wordpress\/wp-json\/wp\/v2\/media?parent=78"}],"curies":[{"name":"wp","href":"https:\/\/api.w.org\/{rel}","templated":true}]}}