{"id":204,"date":"2020-06-26T00:33:36","date_gmt":"2020-06-25T21:33:36","guid":{"rendered":"http:\/\/mincos.fi\/wordpress\/?page_id=204"},"modified":"2020-06-26T00:33:36","modified_gmt":"2020-06-25T21:33:36","slug":"helmiina","status":"publish","type":"page","link":"http:\/\/mincos.fi\/wordpress\/tuotteet\/helmiina\/","title":{"rendered":"Helmiina"},"content":{"rendered":"\n<figure class=\"wp-container-2 wp-block-gallery-1 wp-block-gallery columns-2 is-cropped\"><ul class=\"blocks-gallery-grid\"><li class=\"blocks-gallery-item\"><figure><img loading=\"lazy\" width=\"960\" height=\"641\" src=\"http:\/\/mincos.fi\/wordpress\/wp-content\/uploads\/2020\/06\/fi-helmiina-white.jpg\" alt=\"\" data-id=\"205\" data-full-url=\"http:\/\/mincos.fi\/wordpress\/wp-content\/uploads\/2020\/06\/fi-helmiina-white.jpg\" data-link=\"http:\/\/mincos.fi\/wordpress\/?attachment_id=205\" class=\"wp-image-205\" srcset=\"http:\/\/mincos.fi\/wordpress\/wp-content\/uploads\/2020\/06\/fi-helmiina-white.jpg 960w, http:\/\/mincos.fi\/wordpress\/wp-content\/uploads\/2020\/06\/fi-helmiina-white-300x200.jpg 300w, http:\/\/mincos.fi\/wordpress\/wp-content\/uploads\/2020\/06\/fi-helmiina-white-768x513.jpg 768w\" sizes=\"(max-width: 960px) 100vw, 960px\" \/><\/figure><\/li><li class=\"blocks-gallery-item\"><figure><img loading=\"lazy\" width=\"960\" height=\"642\" src=\"http:\/\/mincos.fi\/wordpress\/wp-content\/uploads\/2020\/06\/fi-helmiina-silver.jpg\" alt=\"\" data-id=\"206\" data-full-url=\"http:\/\/mincos.fi\/wordpress\/wp-content\/uploads\/2020\/06\/fi-helmiina-silver.jpg\" data-link=\"http:\/\/mincos.fi\/wordpress\/?attachment_id=206\" class=\"wp-image-206\" srcset=\"http:\/\/mincos.fi\/wordpress\/wp-content\/uploads\/2020\/06\/fi-helmiina-silver.jpg 960w, http:\/\/mincos.fi\/wordpress\/wp-content\/uploads\/2020\/06\/fi-helmiina-silver-300x201.jpg 300w, http:\/\/mincos.fi\/wordpress\/wp-content\/uploads\/2020\/06\/fi-helmiina-silver-768x514.jpg 768w\" sizes=\"(max-width: 960px) 100vw, 960px\" \/><\/figure><\/li><\/ul><\/figure>\n\n\n\n<p>Pellavanaruihin on pujotettu valkoisia helmi\u00e4 ja lukkona on k\u00e4tev\u00e4 magneettilukko. Pellavanaruja voi my\u00f6s \u201dkiert\u00e4\u00e4\u201d, joten narut saadaan \u201dsuppuun\u201d ja\/tai voi my\u00f6s solmia. Koru on siis muunneltavissa.<\/p>\n\n\n\n<p><\/p>\n\n\n\n<figure class=\"wp-container-4 wp-block-gallery-3 wp-block-gallery columns-2 is-cropped\"><ul class=\"blocks-gallery-grid\"><li class=\"blocks-gallery-item\"><figure><img loading=\"lazy\" width=\"960\" height=\"637\" src=\"http:\/\/mincos.fi\/wordpress\/wp-content\/uploads\/2020\/06\/fi-helmiina-white-premium.jpg\" alt=\"\" data-id=\"207\" data-full-url=\"http:\/\/mincos.fi\/wordpress\/wp-content\/uploads\/2020\/06\/fi-helmiina-white-premium.jpg\" data-link=\"http:\/\/mincos.fi\/wordpress\/?attachment_id=207\" class=\"wp-image-207\" srcset=\"http:\/\/mincos.fi\/wordpress\/wp-content\/uploads\/2020\/06\/fi-helmiina-white-premium.jpg 960w, http:\/\/mincos.fi\/wordpress\/wp-content\/uploads\/2020\/06\/fi-helmiina-white-premium-300x199.jpg 300w, http:\/\/mincos.fi\/wordpress\/wp-content\/uploads\/2020\/06\/fi-helmiina-white-premium-768x510.jpg 768w\" sizes=\"(max-width: 960px) 100vw, 960px\" \/><\/figure><\/li><li class=\"blocks-gallery-item\"><figure><img loading=\"lazy\" width=\"960\" height=\"641\" src=\"http:\/\/mincos.fi\/wordpress\/wp-content\/uploads\/2020\/06\/fi-helmiina-silver-premium.jpg\" alt=\"\" data-id=\"208\" data-full-url=\"http:\/\/mincos.fi\/wordpress\/wp-content\/uploads\/2020\/06\/fi-helmiina-silver-premium.jpg\" data-link=\"http:\/\/mincos.fi\/wordpress\/?attachment_id=208\" class=\"wp-image-208\" srcset=\"http:\/\/mincos.fi\/wordpress\/wp-content\/uploads\/2020\/06\/fi-helmiina-silver-premium.jpg 960w, http:\/\/mincos.fi\/wordpress\/wp-content\/uploads\/2020\/06\/fi-helmiina-silver-premium-300x200.jpg 300w, http:\/\/mincos.fi\/wordpress\/wp-content\/uploads\/2020\/06\/fi-helmiina-silver-premium-768x513.jpg 768w\" sizes=\"(max-width: 960px) 100vw, 960px\" \/><\/figure><\/li><\/ul><\/figure>\n\n\n\n<p>Premium-koru on hyvin n\u00e4ytt\u00e4v\u00e4n n\u00e4k\u00f6inen ja runsas. Pellavanaruihin on pujotettu runsaasti valkoisia helmi\u00e4 ja lukkona on k\u00e4tev\u00e4 magneettilukko.<\/p>\n","protected":false},"excerpt":{"rendered":"<p>Pellavanaruihin on pujotettu valkoisia helmi\u00e4 ja lukkona on k\u00e4tev\u00e4 magneettilukko. Pellavanaruja voi my\u00f6s \u201dkiert\u00e4\u00e4\u201d, joten narut saadaan \u201dsuppuun\u201d ja\/tai voi my\u00f6s solmia. Koru on siis muunneltavissa. Premium-koru on hyvin n\u00e4ytt\u00e4v\u00e4n n\u00e4k\u00f6inen ja runsas. Pellavanaruihin on pujotettu runsaasti valkoisia helmi\u00e4 ja lukkona on k\u00e4tev\u00e4 magneettilukko.<\/p>\n","protected":false},"author":1,"featured_media":0,"parent":66,"menu_order":0,"comment_status":"closed","ping_status":"closed","template":"","meta":[],"_links":{"self":[{"href":"http:\/\/mincos.fi\/wordpress\/wp-json\/wp\/v2\/pages\/204"}],"collection":[{"href":"http:\/\/mincos.fi\/wordpress\/wp-json\/wp\/v2\/pages"}],"about":[{"href":"http:\/\/mincos.fi\/wordpress\/wp-json\/wp\/v2\/types\/page"}],"author":[{"embeddable":true,"href":"http:\/\/mincos.fi\/wordpress\/wp-json\/wp\/v2\/users\/1"}],"replies":[{"embeddable":true,"href":"http:\/\/mincos.fi\/wordpress\/wp-json\/wp\/v2\/comments?post=204"}],"version-history":[{"count":3,"href":"http:\/\/mincos.fi\/wordpress\/wp-json\/wp\/v2\/pages\/204\/revisions"}],"predecessor-version":[{"id":211,"href":"http:\/\/mincos.fi\/wordpress\/wp-json\/wp\/v2\/pages\/204\/revisions\/211"}],"up":[{"embeddable":true,"href":"http:\/\/mincos.fi\/wordpress\/wp-json\/wp\/v2\/pages\/66"}],"wp:attachment":[{"href":"http:\/\/mincos.fi\/wordpress\/wp-json\/wp\/v2\/media?parent=204"}],"curies":[{"name":"wp","href":"https:\/\/api.w.org\/{rel}","templated":true}]}}