{"id":180,"date":"2019-04-07T18:09:25","date_gmt":"2019-04-07T15:09:25","guid":{"rendered":"http:\/\/mincos.fi\/wordpress\/?page_id=180"},"modified":"2019-04-07T18:09:25","modified_gmt":"2019-04-07T15:09:25","slug":"sataman-helmet","status":"publish","type":"page","link":"http:\/\/mincos.fi\/wordpress\/tuotteet\/sataman-helmet\/","title":{"rendered":"Sataman Helmet"},"content":{"rendered":"\n<p>Sataman Helmet avainkaulariipus on valmistettu koivusta valmistetuista puuhelmist\u00e4. Riipukseen on pujotettu mukaan my\u00f6s erilaisia lasikristallihelmi\u00e4.<\/p>\n\n\n\n<p>Puuhelmien halkaisija on 12 mm. <\/p>\n\n\n\n<p>V\u00e4rivaihtoehdot ovat samat kuin muissakin Mincos Design helmiss\u00e4. Avainkaulariipuksen voi muuntaa my\u00f6s helminauhaksi.<\/p>\n\n\n\n<ul class=\"wp-container-2 wp-block-gallery-1 wp-block-gallery columns-2 is-cropped\"><li class=\"blocks-gallery-item\"><figure><a href=\"http:\/\/mincos.fi\/wordpress\/wp-content\/uploads\/2019\/04\/satamanhelmet-sininen-1024x688.jpg\"><img loading=\"lazy\" width=\"1024\" height=\"688\" src=\"http:\/\/mincos.fi\/wordpress\/wp-content\/uploads\/2019\/04\/satamanhelmet-sininen-1024x688.jpg\" alt=\"\" data-id=\"181\" data-link=\"http:\/\/mincos.fi\/wordpress\/?attachment_id=181\" class=\"wp-image-181\" srcset=\"http:\/\/mincos.fi\/wordpress\/wp-content\/uploads\/2019\/04\/satamanhelmet-sininen-1024x688.jpg 1024w, http:\/\/mincos.fi\/wordpress\/wp-content\/uploads\/2019\/04\/satamanhelmet-sininen-300x202.jpg 300w, http:\/\/mincos.fi\/wordpress\/wp-content\/uploads\/2019\/04\/satamanhelmet-sininen-768x516.jpg 768w, http:\/\/mincos.fi\/wordpress\/wp-content\/uploads\/2019\/04\/satamanhelmet-sininen.jpg 1200w\" sizes=\"(max-width: 1024px) 100vw, 1024px\" \/><\/a><\/figure><\/li><li class=\"blocks-gallery-item\"><figure><a href=\"http:\/\/mincos.fi\/wordpress\/wp-content\/uploads\/2019\/04\/satamanhelmet-punainen-1024x688.jpg\"><img loading=\"lazy\" width=\"1024\" height=\"688\" src=\"http:\/\/mincos.fi\/wordpress\/wp-content\/uploads\/2019\/04\/satamanhelmet-punainen-1024x688.jpg\" alt=\"\" data-id=\"184\" data-link=\"http:\/\/mincos.fi\/wordpress\/?attachment_id=184\" class=\"wp-image-184\" srcset=\"http:\/\/mincos.fi\/wordpress\/wp-content\/uploads\/2019\/04\/satamanhelmet-punainen-1024x688.jpg 1024w, http:\/\/mincos.fi\/wordpress\/wp-content\/uploads\/2019\/04\/satamanhelmet-punainen-300x202.jpg 300w, http:\/\/mincos.fi\/wordpress\/wp-content\/uploads\/2019\/04\/satamanhelmet-punainen-768x516.jpg 768w, http:\/\/mincos.fi\/wordpress\/wp-content\/uploads\/2019\/04\/satamanhelmet-punainen.jpg 1200w\" sizes=\"(max-width: 1024px) 100vw, 1024px\" \/><\/a><\/figure><\/li><li class=\"blocks-gallery-item\"><figure><a href=\"http:\/\/mincos.fi\/wordpress\/wp-content\/uploads\/2019\/04\/satamanhelmet-keltainen-1024x688.jpg\"><img loading=\"lazy\" width=\"1024\" height=\"688\" src=\"http:\/\/mincos.fi\/wordpress\/wp-content\/uploads\/2019\/04\/satamanhelmet-keltainen-1024x688.jpg\" alt=\"\" data-id=\"183\" data-link=\"http:\/\/mincos.fi\/wordpress\/?attachment_id=183\" class=\"wp-image-183\" srcset=\"http:\/\/mincos.fi\/wordpress\/wp-content\/uploads\/2019\/04\/satamanhelmet-keltainen-1024x688.jpg 1024w, http:\/\/mincos.fi\/wordpress\/wp-content\/uploads\/2019\/04\/satamanhelmet-keltainen-300x202.jpg 300w, http:\/\/mincos.fi\/wordpress\/wp-content\/uploads\/2019\/04\/satamanhelmet-keltainen-768x516.jpg 768w, http:\/\/mincos.fi\/wordpress\/wp-content\/uploads\/2019\/04\/satamanhelmet-keltainen.jpg 1200w\" sizes=\"(max-width: 1024px) 100vw, 1024px\" \/><\/a><\/figure><\/li><li class=\"blocks-gallery-item\"><figure><a href=\"http:\/\/mincos.fi\/wordpress\/wp-content\/uploads\/2019\/04\/satamanhelmet-valkoinen-1024x688.jpg\"><img loading=\"lazy\" width=\"1024\" height=\"688\" src=\"http:\/\/mincos.fi\/wordpress\/wp-content\/uploads\/2019\/04\/satamanhelmet-valkoinen-1024x688.jpg\" alt=\"\" data-id=\"182\" data-link=\"http:\/\/mincos.fi\/wordpress\/?attachment_id=182\" class=\"wp-image-182\" srcset=\"http:\/\/mincos.fi\/wordpress\/wp-content\/uploads\/2019\/04\/satamanhelmet-valkoinen-1024x688.jpg 1024w, http:\/\/mincos.fi\/wordpress\/wp-content\/uploads\/2019\/04\/satamanhelmet-valkoinen-300x202.jpg 300w, http:\/\/mincos.fi\/wordpress\/wp-content\/uploads\/2019\/04\/satamanhelmet-valkoinen-768x516.jpg 768w, http:\/\/mincos.fi\/wordpress\/wp-content\/uploads\/2019\/04\/satamanhelmet-valkoinen.jpg 1200w\" sizes=\"(max-width: 1024px) 100vw, 1024px\" \/><\/a><\/figure><\/li><\/ul>\n\n\n\n<p><\/p>\n","protected":false},"excerpt":{"rendered":"<p>Sataman Helmet avainkaulariipus on valmistettu koivusta valmistetuista puuhelmist\u00e4. Riipukseen on pujotettu mukaan my\u00f6s erilaisia lasikristallihelmi\u00e4. Puuhelmien halkaisija on 12 mm. V\u00e4rivaihtoehdot ovat samat kuin muissakin Mincos Design helmiss\u00e4. Avainkaulariipuksen voi muuntaa my\u00f6s helminauhaksi.<\/p>\n","protected":false},"author":1,"featured_media":0,"parent":66,"menu_order":0,"comment_status":"closed","ping_status":"closed","template":"","meta":[],"_links":{"self":[{"href":"http:\/\/mincos.fi\/wordpress\/wp-json\/wp\/v2\/pages\/180"}],"collection":[{"href":"http:\/\/mincos.fi\/wordpress\/wp-json\/wp\/v2\/pages"}],"about":[{"href":"http:\/\/mincos.fi\/wordpress\/wp-json\/wp\/v2\/types\/page"}],"author":[{"embeddable":true,"href":"http:\/\/mincos.fi\/wordpress\/wp-json\/wp\/v2\/users\/1"}],"replies":[{"embeddable":true,"href":"http:\/\/mincos.fi\/wordpress\/wp-json\/wp\/v2\/comments?post=180"}],"version-history":[{"count":5,"href":"http:\/\/mincos.fi\/wordpress\/wp-json\/wp\/v2\/pages\/180\/revisions"}],"predecessor-version":[{"id":190,"href":"http:\/\/mincos.fi\/wordpress\/wp-json\/wp\/v2\/pages\/180\/revisions\/190"}],"up":[{"embeddable":true,"href":"http:\/\/mincos.fi\/wordpress\/wp-json\/wp\/v2\/pages\/66"}],"wp:attachment":[{"href":"http:\/\/mincos.fi\/wordpress\/wp-json\/wp\/v2\/media?parent=180"}],"curies":[{"name":"wp","href":"https:\/\/api.w.org\/{rel}","templated":true}]}}