{"id":114,"date":"2018-04-01T01:51:39","date_gmt":"2018-03-31T22:51:39","guid":{"rendered":"http:\/\/mincos.fi\/wordpress\/?page_id=114"},"modified":"2018-04-01T16:01:40","modified_gmt":"2018-04-01T13:01:40","slug":"signal-2","status":"publish","type":"page","link":"http:\/\/mincos.fi\/wordpress\/tuotteet\/signal-2\/","title":{"rendered":"Signal"},"content":{"rendered":"<h1>Signal<\/h1>\n<h3>Viestit\u00e4 \ud83d\ude09<\/h3>\n<p>Merihenkiset Signal Design -puuhelmet ovat &#8221;meritytt\u00f6jen&#8221; must. Ne on valmistettu koivusta ja<br \/>\nhelmien l\u00e4pimitta on 12 mm. Signal Design -helmi\u00e4 myyd\u00e4\u00e4n settin\u00e4, mihin kuuluu helmet ja<br \/>\nrannekoru. Signal- helmi\u00e4 on saatavana my\u00f6s avaimenper\u00e4versiona, mitk\u00e4 ovatkin hyvin suosittuja<br \/>\nveneilij\u00f6iden keskuudessa.<\/p>\n<p><a href=\"http:\/\/mincos.fi\/wordpress\/wp-content\/uploads\/2018\/04\/p1_2.jpg\" target=\"_blank\" rel=\"noopener\"><img loading=\"lazy\" class=\"alignnone wp-image-115 size-medium\" src=\"http:\/\/mincos.fi\/wordpress\/wp-content\/uploads\/2018\/04\/p1_2-300x171.jpg\" alt=\"\" width=\"300\" height=\"171\" srcset=\"http:\/\/mincos.fi\/wordpress\/wp-content\/uploads\/2018\/04\/p1_2-300x171.jpg 300w, http:\/\/mincos.fi\/wordpress\/wp-content\/uploads\/2018\/04\/p1_2-768x439.jpg 768w, http:\/\/mincos.fi\/wordpress\/wp-content\/uploads\/2018\/04\/p1_2-1024x585.jpg 1024w, http:\/\/mincos.fi\/wordpress\/wp-content\/uploads\/2018\/04\/p1_2.jpg 1225w\" sizes=\"(max-width: 300px) 100vw, 300px\" \/><\/a>\u00a0<strong>Signal G:<\/strong> &#8221;Tarvitsen luotsin&#8221;<\/p>\n<p><a href=\"http:\/\/mincos.fi\/wordpress\/wp-content\/uploads\/2018\/04\/p2_2.jpg\" target=\"_blank\" rel=\"noopener\"><img loading=\"lazy\" class=\"alignnone wp-image-116 size-medium\" src=\"http:\/\/mincos.fi\/wordpress\/wp-content\/uploads\/2018\/04\/p2_2-300x171.jpg\" alt=\"\" width=\"300\" height=\"171\" srcset=\"http:\/\/mincos.fi\/wordpress\/wp-content\/uploads\/2018\/04\/p2_2-300x171.jpg 300w, http:\/\/mincos.fi\/wordpress\/wp-content\/uploads\/2018\/04\/p2_2-768x439.jpg 768w, http:\/\/mincos.fi\/wordpress\/wp-content\/uploads\/2018\/04\/p2_2-1024x585.jpg 1024w, http:\/\/mincos.fi\/wordpress\/wp-content\/uploads\/2018\/04\/p2_2.jpg 1225w\" sizes=\"(max-width: 300px) 100vw, 300px\" \/><\/a>\u00a0<strong>Signal E:<\/strong> &#8221;Muutan suuntaani oikealle&#8221;<\/p>\n<p><a href=\"http:\/\/mincos.fi\/wordpress\/wp-content\/uploads\/2018\/04\/p3_1.jpg\" target=\"_blank\" rel=\"noopener\"><img loading=\"lazy\" class=\"alignnone wp-image-117 size-medium\" src=\"http:\/\/mincos.fi\/wordpress\/wp-content\/uploads\/2018\/04\/p3_1-300x171.jpg\" alt=\"\" width=\"300\" height=\"171\" srcset=\"http:\/\/mincos.fi\/wordpress\/wp-content\/uploads\/2018\/04\/p3_1-300x171.jpg 300w, http:\/\/mincos.fi\/wordpress\/wp-content\/uploads\/2018\/04\/p3_1-768x439.jpg 768w, http:\/\/mincos.fi\/wordpress\/wp-content\/uploads\/2018\/04\/p3_1-1024x585.jpg 1024w, http:\/\/mincos.fi\/wordpress\/wp-content\/uploads\/2018\/04\/p3_1.jpg 1225w\" sizes=\"(max-width: 300px) 100vw, 300px\" \/><\/a>\u00a0<strong>Signal K:<\/strong> &#8221;Haluan yhteyden teihin&#8221;<\/p>\n<p><a href=\"http:\/\/mincos.fi\/wordpress\/wp-content\/uploads\/2018\/04\/p6_1.jpg\" target=\"_blank\" rel=\"noopener\"><img loading=\"lazy\" class=\"alignnone wp-image-120 size-medium\" src=\"http:\/\/mincos.fi\/wordpress\/wp-content\/uploads\/2018\/04\/p6_1-300x171.jpg\" alt=\"\" width=\"300\" height=\"171\" srcset=\"http:\/\/mincos.fi\/wordpress\/wp-content\/uploads\/2018\/04\/p6_1-300x171.jpg 300w, http:\/\/mincos.fi\/wordpress\/wp-content\/uploads\/2018\/04\/p6_1-768x439.jpg 768w, http:\/\/mincos.fi\/wordpress\/wp-content\/uploads\/2018\/04\/p6_1-1024x585.jpg 1024w, http:\/\/mincos.fi\/wordpress\/wp-content\/uploads\/2018\/04\/p6_1.jpg 1225w\" sizes=\"(max-width: 300px) 100vw, 300px\" \/><\/a>\u00a0<strong>Signal T:<\/strong> &#8221;Pysyk\u00e4\u00e4 loitolla. Suoritan paritroolausta.&#8221;<\/p>\n<p><a href=\"http:\/\/mincos.fi\/wordpress\/wp-content\/uploads\/2018\/04\/p7_2.jpg\" target=\"_blank\" rel=\"noopener\"><img loading=\"lazy\" class=\"alignnone wp-image-121 size-medium\" src=\"http:\/\/mincos.fi\/wordpress\/wp-content\/uploads\/2018\/04\/p7_2-300x171.jpg\" alt=\"\" width=\"300\" height=\"171\" srcset=\"http:\/\/mincos.fi\/wordpress\/wp-content\/uploads\/2018\/04\/p7_2-300x171.jpg 300w, http:\/\/mincos.fi\/wordpress\/wp-content\/uploads\/2018\/04\/p7_2-768x439.jpg 768w, http:\/\/mincos.fi\/wordpress\/wp-content\/uploads\/2018\/04\/p7_2-1024x585.jpg 1024w, http:\/\/mincos.fi\/wordpress\/wp-content\/uploads\/2018\/04\/p7_2.jpg 1225w\" sizes=\"(max-width: 300px) 100vw, 300px\" \/><\/a>\u00a0<strong>Signal D:<\/strong> &#8221;Pysyk\u00e4\u00e4 loitolla. Minulla on ohjailuvaikeuksia.&#8221;<\/p>\n<p><a href=\"http:\/\/mincos.fi\/wordpress\/wp-content\/uploads\/2018\/04\/p8_1.jpg\" target=\"_blank\" rel=\"noopener\"><img loading=\"lazy\" class=\"alignnone wp-image-122 size-medium\" src=\"http:\/\/mincos.fi\/wordpress\/wp-content\/uploads\/2018\/04\/p8_1-300x171.jpg\" alt=\"\" width=\"300\" height=\"171\" srcset=\"http:\/\/mincos.fi\/wordpress\/wp-content\/uploads\/2018\/04\/p8_1-300x171.jpg 300w, http:\/\/mincos.fi\/wordpress\/wp-content\/uploads\/2018\/04\/p8_1-768x439.jpg 768w, http:\/\/mincos.fi\/wordpress\/wp-content\/uploads\/2018\/04\/p8_1-1024x585.jpg 1024w, http:\/\/mincos.fi\/wordpress\/wp-content\/uploads\/2018\/04\/p8_1.jpg 1225w\" sizes=\"(max-width: 300px) 100vw, 300px\" \/><\/a>\u00a0<strong>Signal J:<\/strong> &#8221;Pysytelk\u00e4\u00e4 et\u00e4\u00e4ll\u00e4. Aluksella on tulipalo.&#8221;<\/p>\n<p><a href=\"http:\/\/mincos.fi\/wordpress\/wp-content\/uploads\/2018\/04\/p9_1.jpg\" target=\"_blank\" rel=\"noopener\"><img loading=\"lazy\" class=\"alignnone wp-image-123 size-medium\" src=\"http:\/\/mincos.fi\/wordpress\/wp-content\/uploads\/2018\/04\/p9_1-300x171.jpg\" alt=\"\" width=\"300\" height=\"171\" srcset=\"http:\/\/mincos.fi\/wordpress\/wp-content\/uploads\/2018\/04\/p9_1-300x171.jpg 300w, http:\/\/mincos.fi\/wordpress\/wp-content\/uploads\/2018\/04\/p9_1-768x439.jpg 768w, http:\/\/mincos.fi\/wordpress\/wp-content\/uploads\/2018\/04\/p9_1-1024x585.jpg 1024w, http:\/\/mincos.fi\/wordpress\/wp-content\/uploads\/2018\/04\/p9_1.jpg 1225w\" sizes=\"(max-width: 300px) 100vw, 300px\" \/><\/a>\u00a0<strong>Signal C:<\/strong> &#8221;Kyll\u00e4&#8221;<\/p>\n","protected":false},"excerpt":{"rendered":"<p>Signal Viestit\u00e4 \ud83d\ude09 Merihenkiset Signal Design -puuhelmet ovat &#8221;meritytt\u00f6jen&#8221; must. Ne on valmistettu koivusta ja helmien l\u00e4pimitta on 12 mm. Signal Design -helmi\u00e4 myyd\u00e4\u00e4n settin\u00e4, mihin kuuluu helmet ja rannekoru. Signal- helmi\u00e4 on saatavana my\u00f6s avaimenper\u00e4versiona, mitk\u00e4 ovatkin hyvin suosittuja veneilij\u00f6iden keskuudessa. \u00a0Signal G: &#8221;Tarvitsen luotsin&#8221; \u00a0Signal E: &#8221;Muutan suuntaani oikealle&#8221; \u00a0Signal K: &#8221;Haluan yhteyden&hellip; <br \/> <a class=\"read-more\" href=\"http:\/\/mincos.fi\/wordpress\/tuotteet\/signal-2\/\">Read more<\/a><\/p>\n","protected":false},"author":1,"featured_media":0,"parent":66,"menu_order":0,"comment_status":"closed","ping_status":"closed","template":"","meta":[],"_links":{"self":[{"href":"http:\/\/mincos.fi\/wordpress\/wp-json\/wp\/v2\/pages\/114"}],"collection":[{"href":"http:\/\/mincos.fi\/wordpress\/wp-json\/wp\/v2\/pages"}],"about":[{"href":"http:\/\/mincos.fi\/wordpress\/wp-json\/wp\/v2\/types\/page"}],"author":[{"embeddable":true,"href":"http:\/\/mincos.fi\/wordpress\/wp-json\/wp\/v2\/users\/1"}],"replies":[{"embeddable":true,"href":"http:\/\/mincos.fi\/wordpress\/wp-json\/wp\/v2\/comments?post=114"}],"version-history":[{"count":4,"href":"http:\/\/mincos.fi\/wordpress\/wp-json\/wp\/v2\/pages\/114\/revisions"}],"predecessor-version":[{"id":147,"href":"http:\/\/mincos.fi\/wordpress\/wp-json\/wp\/v2\/pages\/114\/revisions\/147"}],"up":[{"embeddable":true,"href":"http:\/\/mincos.fi\/wordpress\/wp-json\/wp\/v2\/pages\/66"}],"wp:attachment":[{"href":"http:\/\/mincos.fi\/wordpress\/wp-json\/wp\/v2\/media?parent=114"}],"curies":[{"name":"wp","href":"https:\/\/api.w.org\/{rel}","templated":true}]}}